{"id":13,"date":"2023-05-16T19:45:22","date_gmt":"2023-05-16T19:45:22","guid":{"rendered":"https:\/\/sv-zeutern.dtspace.de\/wordpress\/?page_id=13"},"modified":"2024-06-10T18:59:05","modified_gmt":"2024-06-10T17:59:05","slug":"vorstandschaft","status":"publish","type":"page","link":"https:\/\/sv-zeutern.de\/index.php\/vorstandschaft\/","title":{"rendered":"Vorstandschaft"},"content":{"rendered":"\n<h3 class=\"wp-block-heading\">1. Vorsitzender Bereich Verwaltung, Schriftf\u00fchrung und Finanzen<\/h3>\n\n\n\n<p>Ralf Schade, Tel. 0172\/3236260<\/p>\n\n\n\n<p><a href=\"mailto:ralfschade24@gmail.com\" target=\"_blank\" rel=\"noreferrer noopener\">ralfschade24@gmail.com<\/a><\/p>\n\n\n\n<h3 class=\"wp-block-heading\">1. stellvertretende Vorstand f\u00fcr den Bereich Spielbetrieb<\/h3>\n\n\n\n<p>Felix Ehret, Tel. 017610941217<\/p>\n\n\n\n<p><a href=\"mailto:felix.ehret@sv-zeutern.de\" target=\"_blank\" rel=\"noreferrer noopener\">felix.ehret@sv-zeutern.de<\/a> <\/p>\n\n\n\n<h3 class=\"wp-block-heading\">2. stellvertretende Vorstand f\u00fcr den Bereich Mitglieder und Ehrenamtsbetreuung<\/h3>\n\n\n\n<p>Patrick Schwarz, Tel. 0160 8010814<\/p>\n\n\n\n<p>Falltorstra\u00dfe 11 B, 76698 Ubstadt-Weiher<\/p>\n\n\n\n<p><a href=\"mailto:patrick.schwarz@sv-zeutern.de\" target=\"_blank\" rel=\"noreferrer noopener\">patrick.schwarz@sv-zeutern.de<\/a><\/p>\n\n\n\n<h3 class=\"wp-block-heading\">3. stellvertretende Vorstand f\u00fcr den Bereich Festausschu\u00df<\/h3>\n\n\n\n<p>Timo Lanz, Tel. 01605897615<\/p>\n\n\n\n<p>&nbsp;<a href=\"mailto:timo.lanz@sv-zeutern.de\" target=\"_blank\" rel=\"noreferrer noopener\">timo.lanz@sv-zeutern.de<\/a><\/p>\n\n\n\n<h3 class=\"wp-block-heading\">4. stellvertretende Vorstand f\u00fcr den Bereich Technik<\/h3>\n\n\n\n<p>Roland Richter, Tel. 01744620420<\/p>\n\n\n\n<p><a href=\"mailto:roland.richter@sv-zeutern.de\">roland.richter@sv-zeutern.de<\/a><\/p>\n\n\n\n<h3 class=\"wp-block-heading\">Kassierer <\/h3>\n\n\n\n<p>Peter Fuchs, Tel. 015258731700<\/p>\n\n\n\n<h3 class=\"wp-block-heading\">Ansprechpartner AH-Abteilung<\/h3>\n\n\n\n<p>Frank Schwarz, Tel. 07253\/31599<\/p>\n\n\n\n<p>Jens Simon, Tel. 07253\/7640<\/p>\n\n\n\n<h3 class=\"wp-block-heading\">Finanzen<\/h3>\n\n\n\n<p>Christian Hoffmann<\/p>\n\n\n\n<p><\/p>\n\n\n\n<p><\/p>\n\n\n\n<h1 class=\"wp-block-heading\">Jugendabteilung<\/h1>\n\n\n\n<h3 class=\"wp-block-heading\">1. Jugendleiter<\/h3>\n\n\n\n<p>Martin Benz, Tel. 017647230174<\/p>\n\n\n\n<p><a href=\"mailto:martinundkerstin@gmx.de\" target=\"_blank\" rel=\"noreferrer noopener\">martinundkerstin@gmx.de<\/a><\/p>\n\n\n\n<h3 class=\"wp-block-heading\">2. Jugendleiterin<\/h3>\n\n\n\n<p>Maggie Reichert, Tel: 07253\/1442, Handy: 01709933881<\/p>\n\n\n\n<p>Besingstr, 76698 Ubstadt-Weiher<\/p>\n\n\n\n<p><a rel=\"noreferrer noopener\" href=\"mailto:michi.maxi.reichert@freenet.de\" target=\"_blank\">michi.maxi.reichert@freenet.de<\/a><\/p>\n\n\n\n<h3 class=\"wp-block-heading\">3. Jugendleiter<\/h3>\n\n\n\n<p>Thomas Stricker, Tel. 017681183762<\/p>\n\n\n\n<p>t.stricker90@gmx.de<\/p>\n","protected":false},"excerpt":{"rendered":"<p>1. Vorsitzender Bereich Verwaltung, Schriftf\u00fchrung und Finanzen Ralf Schade, Tel. 0172\/3236260 ralfschade24@gmail.com 1. stellvertretende Vorstand f\u00fcr den Bereich Spielbetrieb Felix Ehret, Tel. 017610941217 felix.ehret@sv-zeutern.de 2. stellvertretende Vorstand f\u00fcr den Bereich Mitglieder und Ehrenamtsbetreuung Patrick Schwarz, Tel. 0160 8010814 Falltorstra\u00dfe 11 B, 76698 Ubstadt-Weiher patrick.schwarz@sv-zeutern.de 3. stellvertretende Vorstand f\u00fcr den Bereich Festausschu\u00df Timo Lanz, Tel. 01605897615 &hellip; <\/p>\n","protected":false},"author":1,"featured_media":0,"parent":0,"menu_order":0,"comment_status":"closed","ping_status":"closed","template":"","meta":{"footnotes":""},"class_list":["post-13","page","type-page","status-publish","hentry"],"_links":{"self":[{"href":"https:\/\/sv-zeutern.de\/index.php\/wp-json\/wp\/v2\/pages\/13"}],"collection":[{"href":"https:\/\/sv-zeutern.de\/index.php\/wp-json\/wp\/v2\/pages"}],"about":[{"href":"https:\/\/sv-zeutern.de\/index.php\/wp-json\/wp\/v2\/types\/page"}],"author":[{"embeddable":true,"href":"https:\/\/sv-zeutern.de\/index.php\/wp-json\/wp\/v2\/users\/1"}],"replies":[{"embeddable":true,"href":"https:\/\/sv-zeutern.de\/index.php\/wp-json\/wp\/v2\/comments?post=13"}],"version-history":[{"count":14,"href":"https:\/\/sv-zeutern.de\/index.php\/wp-json\/wp\/v2\/pages\/13\/revisions"}],"predecessor-version":[{"id":779,"href":"https:\/\/sv-zeutern.de\/index.php\/wp-json\/wp\/v2\/pages\/13\/revisions\/779"}],"wp:attachment":[{"href":"https:\/\/sv-zeutern.de\/index.php\/wp-json\/wp\/v2\/media?parent=13"}],"curies":[{"name":"wp","href":"https:\/\/api.w.org\/{rel}","templated":true}]}}