{"id":19,"date":"2023-05-16T19:45:22","date_gmt":"2023-05-16T19:45:22","guid":{"rendered":"https:\/\/sv-zeutern.dtspace.de\/wordpress\/?page_id=19"},"modified":"2024-11-12T18:04:06","modified_gmt":"2024-11-12T17:04:06","slug":"bambinis","status":"publish","type":"page","link":"https:\/\/sv-zeutern.de\/index.php\/bambinis\/","title":{"rendered":"Bambinis"},"content":{"rendered":"\n<p>Hinten v. l. n. r.:&nbsp;<br>Rigo Bergmann, Sabrina Damm, Moritz Benz, Nijat W.<br>Vorne&nbsp; v. l. n. r.:&nbsp;<br>Noah Hotz, Robin Damm, Niklas Speiser, Samuel Ehret, Lennard Buch, Aaron Windisch&nbsp;<\/p>\n\n\n<ul class=\"wp-block-latest-posts__list wp-block-latest-posts\"><li><div class=\"wp-block-latest-posts__featured-image alignright\"><img loading=\"lazy\" decoding=\"async\" width=\"150\" height=\"150\" src=\"https:\/\/sv-zeutern.de\/wp-content\/uploads\/2023\/11\/Bambinis-150x150.jpg\" class=\"attachment-thumbnail size-thumbnail wp-post-image\" alt=\"\" style=\"\" \/><\/div><a class=\"wp-block-latest-posts__post-title\" href=\"https:\/\/sv-zeutern.de\/index.php\/2023\/08\/15\/training-der-bambinis-in-den-sommerferien\/\">Training der Bambinis in den Sommerferien<\/a><div class=\"wp-block-latest-posts__post-excerpt\">W\u00e4hrend den Sommerferien haben viele Kinder das Bambini-Fu\u00dfball auf dem Zeuterner Sportplatz ausprobiert. Im Moment haben etwa 12 Kinder im Alter von 4 bis 6 Jahren w\u00f6chentlich Spa\u00df beim Sport und Spiel. \u00dcber neuen Zuwachs freuen wir uns jederzeit. Trainiert wird am Freitagnachmittag von 17:00 bis 18:00 Uhr. Im Moment noch drau\u00dfen und sobald es &hellip; <\/div><\/li>\n<\/ul>","protected":false},"excerpt":{"rendered":"<p>Hinten v. l. n. r.:&nbsp;Rigo Bergmann, Sabrina Damm, Moritz Benz, Nijat W.Vorne&nbsp; v. l. n. r.:&nbsp;Noah Hotz, Robin Damm, Niklas Speiser, Samuel Ehret, Lennard Buch, Aaron Windisch&nbsp;<\/p>\n","protected":false},"author":1,"featured_media":824,"parent":0,"menu_order":0,"comment_status":"closed","ping_status":"closed","template":"","meta":{"footnotes":""},"class_list":["post-19","page","type-page","status-publish","has-post-thumbnail","hentry"],"_links":{"self":[{"href":"https:\/\/sv-zeutern.de\/index.php\/wp-json\/wp\/v2\/pages\/19"}],"collection":[{"href":"https:\/\/sv-zeutern.de\/index.php\/wp-json\/wp\/v2\/pages"}],"about":[{"href":"https:\/\/sv-zeutern.de\/index.php\/wp-json\/wp\/v2\/types\/page"}],"author":[{"embeddable":true,"href":"https:\/\/sv-zeutern.de\/index.php\/wp-json\/wp\/v2\/users\/1"}],"replies":[{"embeddable":true,"href":"https:\/\/sv-zeutern.de\/index.php\/wp-json\/wp\/v2\/comments?post=19"}],"version-history":[{"count":6,"href":"https:\/\/sv-zeutern.de\/index.php\/wp-json\/wp\/v2\/pages\/19\/revisions"}],"predecessor-version":[{"id":843,"href":"https:\/\/sv-zeutern.de\/index.php\/wp-json\/wp\/v2\/pages\/19\/revisions\/843"}],"wp:featuredmedia":[{"embeddable":true,"href":"https:\/\/sv-zeutern.de\/index.php\/wp-json\/wp\/v2\/media\/824"}],"wp:attachment":[{"href":"https:\/\/sv-zeutern.de\/index.php\/wp-json\/wp\/v2\/media?parent=19"}],"curies":[{"name":"wp","href":"https:\/\/api.w.org\/{rel}","templated":true}]}}