{"id":198,"date":"2023-05-17T12:53:18","date_gmt":"2023-05-17T12:53:18","guid":{"rendered":"https:\/\/sv-zeutern.dtspace.de\/wordpress\/?page_id=198"},"modified":"2023-09-26T16:40:22","modified_gmt":"2023-09-26T16:40:22","slug":"ehrenmitglieder","status":"publish","type":"page","link":"https:\/\/sv-zeutern.de\/index.php\/ehrenmitglieder\/","title":{"rendered":"Ehrenmitglieder"},"content":{"rendered":"\n<h1 class=\"wp-block-heading\">Besondere Mitglieder des SV Zeutern<\/h1>\n\n\n\n<p><strong>Ehrenmitglieder:<\/strong><br>Willi Bader, Karlheinz Brenner, Kurt Knaus, Rudi Lanz, Emil Pfl\u00fccke, Bernhard Schmitt, Josef Schmitt, Franz Schwarz, Walter Seithel, Paul Staudt, G\u00fcnter Stengel, Bernhard Zimmerer, Werner Zimmerer<br><\/p>\n\n\n\n<p><strong>Tr\u00e4ger der Goldenen Ehrennadel:<\/strong><\/p>\n\n\n\n<p>Thomas Dutzi, Hubert Gei\u00df, Harald Knaus, Rudi Lanz, Walter Lanz, Wolfgang Lanz, Helmut Leibold, Emil Pfl\u00fccke, Rudolf Reimer, Rainer Schroff, Willi Schroff, Franz Schwarz, Joachim Skowronek, Paul Staudt, G\u00fcnter Weindel, Werner Zeisel, Bernhard Zimmerer, Hans-Peter Zimmerer<\/p>\n","protected":false},"excerpt":{"rendered":"<p>Besondere Mitglieder des SV Zeutern Ehrenmitglieder:Willi Bader, Karlheinz Brenner, Kurt Knaus, Rudi Lanz, Emil Pfl\u00fccke, Bernhard Schmitt, Josef Schmitt, Franz Schwarz, Walter Seithel, Paul Staudt, G\u00fcnter Stengel, Bernhard Zimmerer, Werner Zimmerer Tr\u00e4ger der Goldenen Ehrennadel: Thomas Dutzi, Hubert Gei\u00df, Harald Knaus, Rudi Lanz, Walter Lanz, Wolfgang Lanz, Helmut Leibold, Emil Pfl\u00fccke, Rudolf Reimer, Rainer Schroff, &hellip; <\/p>\n","protected":false},"author":1,"featured_media":0,"parent":0,"menu_order":0,"comment_status":"closed","ping_status":"closed","template":"","meta":{"footnotes":""},"class_list":["post-198","page","type-page","status-publish","hentry"],"_links":{"self":[{"href":"https:\/\/sv-zeutern.de\/index.php\/wp-json\/wp\/v2\/pages\/198"}],"collection":[{"href":"https:\/\/sv-zeutern.de\/index.php\/wp-json\/wp\/v2\/pages"}],"about":[{"href":"https:\/\/sv-zeutern.de\/index.php\/wp-json\/wp\/v2\/types\/page"}],"author":[{"embeddable":true,"href":"https:\/\/sv-zeutern.de\/index.php\/wp-json\/wp\/v2\/users\/1"}],"replies":[{"embeddable":true,"href":"https:\/\/sv-zeutern.de\/index.php\/wp-json\/wp\/v2\/comments?post=198"}],"version-history":[{"count":2,"href":"https:\/\/sv-zeutern.de\/index.php\/wp-json\/wp\/v2\/pages\/198\/revisions"}],"predecessor-version":[{"id":352,"href":"https:\/\/sv-zeutern.de\/index.php\/wp-json\/wp\/v2\/pages\/198\/revisions\/352"}],"wp:attachment":[{"href":"https:\/\/sv-zeutern.de\/index.php\/wp-json\/wp\/v2\/media?parent=198"}],"curies":[{"name":"wp","href":"https:\/\/api.w.org\/{rel}","templated":true}]}}