{"id":207,"date":"2023-05-17T13:04:05","date_gmt":"2023-05-17T13:04:05","guid":{"rendered":"https:\/\/sv-zeutern.dtspace.de\/wordpress\/?page_id=207"},"modified":"2023-09-26T16:42:13","modified_gmt":"2023-09-26T16:42:13","slug":"schiedsrichter","status":"publish","type":"page","link":"https:\/\/sv-zeutern.de\/index.php\/schiedsrichter\/","title":{"rendered":"Schiedsrichter"},"content":{"rendered":"\n<h2 class=\"wp-block-heading\">Werde auch DU Schiedsrichter beim SV Zeutern !<\/h2>\n\n\n\n<p>Die Schiedsrichterei bietet dir wachsendes Selbstvertrauen in dich und in deine Entscheidungen im Leben.<\/p>\n\n\n\n<p>Als Schiedsrichter erh\u00e4ltst du kostenlosen Eintritt zu allen Fu\u00dfballspielen auf DFB Ebene und eine Verg\u00fctung f\u00fcr jede Spielleitung als Schiedsrichter oder als Schiedsrichter-Assistent.<\/p>\n\n\n\n<p>In der Schiedsrichterei sind nicht nur m\u00e4nnliche Interessenten gerne gesehen, sondern auch weibliche Interessentinnen.<\/p>\n\n\n\n<p>Du wirst von erfahrenen Schiedsrichtern in deinen ersten Spielen herangef\u00fchrt und dir wird die Schiedsrichterei n\u00e4her gebracht.<\/p>\n\n\n\n<h2 class=\"wp-block-heading\">TRAU DICH und werde auch du Schiedsrichter!<\/h2>\n\n\n\n<p>Wenn auch du Interesse hast Schiedsrichter zu werden, oder Informationen dazu haben m\u00f6chtest, dann melde dich doch direkt an mich\u00a0<a href=\"mailto:andre.Schwanebeck@gmx.de\" target=\"_blank\" rel=\"noreferrer noopener\"><a href=\"mailto:ralfschade24@gmail.com\">ralfschade24@gmail.com<\/a>.<\/a><\/p>\n","protected":false},"excerpt":{"rendered":"<p>Werde auch DU Schiedsrichter beim SV Zeutern ! Die Schiedsrichterei bietet dir wachsendes Selbstvertrauen in dich und in deine Entscheidungen im Leben. Als Schiedsrichter erh\u00e4ltst du kostenlosen Eintritt zu allen Fu\u00dfballspielen auf DFB Ebene und eine Verg\u00fctung f\u00fcr jede Spielleitung als Schiedsrichter oder als Schiedsrichter-Assistent. In der Schiedsrichterei sind nicht nur m\u00e4nnliche Interessenten gerne gesehen, &hellip; <\/p>\n","protected":false},"author":1,"featured_media":0,"parent":0,"menu_order":0,"comment_status":"closed","ping_status":"closed","template":"","meta":{"footnotes":""},"class_list":["post-207","page","type-page","status-publish","hentry"],"_links":{"self":[{"href":"https:\/\/sv-zeutern.de\/index.php\/wp-json\/wp\/v2\/pages\/207"}],"collection":[{"href":"https:\/\/sv-zeutern.de\/index.php\/wp-json\/wp\/v2\/pages"}],"about":[{"href":"https:\/\/sv-zeutern.de\/index.php\/wp-json\/wp\/v2\/types\/page"}],"author":[{"embeddable":true,"href":"https:\/\/sv-zeutern.de\/index.php\/wp-json\/wp\/v2\/users\/1"}],"replies":[{"embeddable":true,"href":"https:\/\/sv-zeutern.de\/index.php\/wp-json\/wp\/v2\/comments?post=207"}],"version-history":[{"count":2,"href":"https:\/\/sv-zeutern.de\/index.php\/wp-json\/wp\/v2\/pages\/207\/revisions"}],"predecessor-version":[{"id":354,"href":"https:\/\/sv-zeutern.de\/index.php\/wp-json\/wp\/v2\/pages\/207\/revisions\/354"}],"wp:attachment":[{"href":"https:\/\/sv-zeutern.de\/index.php\/wp-json\/wp\/v2\/media?parent=207"}],"curies":[{"name":"wp","href":"https:\/\/api.w.org\/{rel}","templated":true}]}}