{"id":245,"date":"2023-07-19T19:04:47","date_gmt":"2023-07-19T19:04:47","guid":{"rendered":"https:\/\/sv-zeutern.dtspace.de\/wordpress\/?page_id=245"},"modified":"2023-11-18T10:59:01","modified_gmt":"2023-11-18T09:59:01","slug":"news","status":"publish","type":"page","link":"https:\/\/sv-zeutern.de\/index.php\/news\/","title":{"rendered":"News"},"content":{"rendered":"<ul class=\"wp-block-latest-posts__list wp-block-latest-posts\"><li><div class=\"wp-block-latest-posts__featured-image alignright\"><img loading=\"lazy\" decoding=\"async\" width=\"150\" height=\"150\" src=\"https:\/\/sv-zeutern.de\/wp-content\/uploads\/2025\/12\/Scharinger2-150x150.jpg\" class=\"attachment-thumbnail size-thumbnail wp-post-image\" alt=\"\" style=\"max-width:113px;max-height:113px;\" \/><\/div><a class=\"wp-block-latest-posts__post-title\" href=\"https:\/\/sv-zeutern.de\/index.php\/2025\/12\/10\/liebe-sv-freunde-gaeste-liebe-helferinnen-und-helfer-liebe-unterstuetzer\/\">Liebe SV-Freunde, G\u00e4ste, liebe Helferinnen und Helfer, liebe Unterst\u00fctzer,<\/a><div class=\"wp-block-latest-posts__post-excerpt\">das Z\u00e4hlen ist abgeschlossen und wir k\u00f6nnen stolz verk\u00fcnden: Wir haben die Marke von 40.000 Euro geknackt! Unser aufrichtiger Dank gilt: Unsere Mission Die 40.000 Euro gehen zu gleichen Teilen an: Gemeinsam Gro\u00dfes bewegt Ihr seid\/Sie sind alle Helden unserer Gesellschaft!&nbsp; Herzlichen Dank f\u00fcr dieses starke Zeichen des Zusammenhalts!<\/div><\/li>\n<li><div class=\"wp-block-latest-posts__featured-image alignright\"><img loading=\"lazy\" decoding=\"async\" width=\"150\" height=\"150\" src=\"https:\/\/sv-zeutern.de\/wp-content\/uploads\/2025\/12\/Helfer-150x150.jpg\" class=\"attachment-thumbnail size-thumbnail wp-post-image\" alt=\"\" style=\"max-width:113px;max-height:113px;\" \/><\/div><a class=\"wp-block-latest-posts__post-title\" href=\"https:\/\/sv-zeutern.de\/index.php\/2025\/12\/10\/kerwe\/\">Kerwe<\/a><div class=\"wp-block-latest-posts__post-excerpt\">Liebe Kerwebesucher, liebe Helferinnen und Helfer, der SV Zeutern m\u00f6chte sich ganz herzlich bei allen bedanken, die unsere Kerwe zu einem tollen Erlebnis gemacht haben! Ein besonderer Dank gilt unseren flei\u00dfigen Helferinnen und Helfern, die mit vollem Einsatz am Grill standen, Getr\u00e4nke ausgeschenkt und f\u00fcr das leibliche Wohl aller gesorgt haben. Ohne euch w\u00e4re diese &hellip; <\/div><\/li>\n<li><a class=\"wp-block-latest-posts__post-title\" href=\"https:\/\/sv-zeutern.de\/index.php\/2025\/12\/10\/am-samstag-war-es-wieder-so-weit-die-erste-mannschaft-des-sv-zeutern-machte-sich-auf-den-weg-um-zahlreichen-sv-freunden-persoenliche-weihnachtsgruesse-zu-ueberbringen-was-seit-vielen-jahren-zu-eine\/\">Am Samstag war es wieder so weit: Die erste Mannschaft des SV Zeutern machte sich auf den Weg, um zahlreichen SV-Freunden pers\u00f6nliche Weihnachtsgr\u00fc\u00dfe zu \u00fcberbringen. Was seit vielen Jahren zu einer liebgewonnenen Tradition geworden ist, sorgte auch dieses Mal wieder f\u00fcr strahlende Gesichter und herzliche Begegnungen.<\/a><div class=\"wp-block-latest-posts__post-excerpt\">Der Start der Tour erfolgte beim Vorstand Ralf Schade, wo bei gem\u00fctlicher Runde der Wegplan besprochen und die Gruppen eingeteilt wurden. Von dort aus ging es f\u00fcr unsere Mannschaft von Station zu Station \u2013 und bei vielen Besuchen wurde nat\u00fcrlich auch gerne eingekehrt. F\u00fcr die Spieler ist diese besondere Tour nicht nur eine Freude, sondern &hellip; <\/div><\/li>\n<li><a class=\"wp-block-latest-posts__post-title\" href=\"https:\/\/sv-zeutern.de\/index.php\/2025\/12\/10\/die-ah-mannschaft-des-sv-zeutern-blickt-auf-einen-gelungenen-ausflug-zurueck-der-einen-schoenen-abschluss-eines-erfolgreichen-jahres-bildete-vor-dem-gemeinsamen-ausflug-nutzte-der-vereinsvorstand-di\/\">Die AH-Mannschaft des SV Zeutern blickt auf einen gelungenen Ausflug zur\u00fcck, der einen sch\u00f6nen Abschluss eines erfolgreichen Jahres bildete. Vor dem gemeinsamen Ausflug nutzte der Vereinsvorstand die Gelegenheit, sich bei der gesamten AH-Mannschaft f\u00fcr die hervorragende Unterst\u00fctzung im vergangenen Jahr zu bedanken. Diese Wertsch\u00e4tzung unterstreicht die wichtige Rolle, die die Altherrenabteilung im Vereinsleben des SV Zeutern spielt. Der Ausflug selbst f\u00fchrte die Mannschaft auf eine Wanderung durch die malerischen Hohlwege der Region. Trotz anf\u00e4nglicher Wetterbedenken zeigte sich das Wetter von seiner freundlichen Seite und hielt den gr\u00f6\u00dften Teil des Tages \u00fcber. Lediglich auf dem R\u00fcckweg mussten die Teilnehmer einige Regentropfen in Kauf nehmen, was der guten Stimmung jedoch keinen Abbruch tat. Besonders erfreulich war die Beteiligung \u00e4lterer Vereinsmitglieder, die dem Ausflug beiwohnten und zum geselligen Miteinander beitrugen. Dass sie zum Zeitpunkt des Erinnerungsfotos bereits auf dem Heimweg waren, schm\u00e4lert ihre Teilnahme in keiner Weise. Ein herzlicher Dank gilt den Organisatoren Martin, Jens und Jule, die mit ihrer Planung einen reibungslosen Ablauf erm\u00f6glichten. Ebenso geb\u00fchrt Christian und Leon Anerkennung f\u00fcr ihre Grillk\u00fcnste, die f\u00fcr das leibliche Wohl der Mannschaft sorgten. Der Ausflug war einmal mehr Beweis f\u00fcr den starken Zusammenhalt innerhalb der AH-Mannschaft des SV Zeutern.<\/a><div class=\"wp-block-latest-posts__post-excerpt\"><\/div><\/li>\n<li><a class=\"wp-block-latest-posts__post-title\" href=\"https:\/\/sv-zeutern.de\/index.php\/2025\/12\/10\/der-sv-zeutern-sucht-kreative-koepfe-und-gestaltungstalente\/\">Der SV Zeutern sucht kreative K\u00f6pfe und Gestaltungstalente!<\/a><div class=\"wp-block-latest-posts__post-excerpt\">Unser Brunnenhaus hat so viel Potenzial \u2013 und wir m\u00f6chten es gemeinsam mit euch zu einem Ort machen, an dem wir uns alle richtig wohlf\u00fchlen. Ein Platz f\u00fcr Feiern und gem\u00fctliches Beisammensein, der nicht nur funktional ist, sondern auch Atmosph\u00e4re hat und zum Verweilen einl\u00e4dt. Was wir suchen: Menschen mit Ideen! Egal ob du ein &hellip; <\/div><\/li>\n<\/ul>\n\n\n<h2 class=\"wp-block-heading\">Neuigkeiten aus der Jugendabteilung<\/h2>\n\n\n<ul class=\"wp-block-latest-posts__list wp-block-latest-posts\"><li><div class=\"wp-block-latest-posts__featured-image alignright\"><img loading=\"lazy\" decoding=\"async\" width=\"150\" height=\"150\" src=\"https:\/\/sv-zeutern.de\/wp-content\/uploads\/2023\/11\/F-JugendZeuternOdenheim-150x150.jpg\" class=\"attachment-thumbnail size-thumbnail wp-post-image\" alt=\"\" style=\"max-width:113px;max-height:113px;\" \/><\/div><a class=\"wp-block-latest-posts__post-title\" href=\"https:\/\/sv-zeutern.de\/index.php\/2023\/10\/22\/einlaufkinder-beim-derby\/\">Einlaufkinder beim Derby<\/a><div class=\"wp-block-latest-posts__post-excerpt\">Ein besonderes Erlebnis hatten die F-Jugend Kids des FC Odenheim und des SV Zeutern beim Derby der 1. Mannschaft. Sie durften zusammen mit den Spielern einlaufen, haben dann die Mannschaften ordentlich angefeuert und f\u00fchrten dann ein Freundschaftsspiel in der Halbzeitpause durch. Es war eine tolle Atmosph\u00e4re und allen hat es Spa\u00df gemacht. Zum Schluss gab &hellip; <\/div><\/li>\n<li><div class=\"wp-block-latest-posts__featured-image alignright\"><img loading=\"lazy\" decoding=\"async\" width=\"150\" height=\"150\" src=\"https:\/\/sv-zeutern.de\/wp-content\/uploads\/2023\/10\/Verabschiedung_Ralf-150x150.jpg\" class=\"attachment-thumbnail size-thumbnail wp-post-image\" alt=\"\" style=\"max-width:113px;max-height:113px;\" \/><\/div><a class=\"wp-block-latest-posts__post-title\" href=\"https:\/\/sv-zeutern.de\/index.php\/2023\/10\/16\/ralf-schade-als-jugendleiter-verabschiedet-martin-benz-und-maggie-reichert-neue-jugendleitung\/\">Ralf Schade als Jugendleiter verabschiedet, Martin Benz und Maggie Reichert neue Jugendleitung<\/a><div class=\"wp-block-latest-posts__post-excerpt\">Bei der Generalversammlung des SV Zeutern wurde Ralf Schade als Jugendleiter verabschiedet. Er gibt sein Amt auf, da er sich beim Hauptverein als Vorstand zur Verf\u00fcgung gestellt hat. Martin Benz wird als erster Jugendleiter best\u00e4tigt. Zweite Jugendleiterin ist Maggie Reichert. Maggie bedankte sich bei Ralf f\u00fcr seinen jahrelangen Einsatz und \u00fcbergab ein Pr\u00e4sent und einen &hellip; <\/div><\/li>\n<li><div class=\"wp-block-latest-posts__featured-image alignright\"><img loading=\"lazy\" decoding=\"async\" width=\"150\" height=\"150\" src=\"https:\/\/sv-zeutern.de\/wp-content\/uploads\/2023\/11\/Bambinis-150x150.jpg\" class=\"attachment-thumbnail size-thumbnail wp-post-image\" alt=\"\" style=\"max-width:113px;max-height:113px;\" \/><\/div><a class=\"wp-block-latest-posts__post-title\" href=\"https:\/\/sv-zeutern.de\/index.php\/2023\/08\/15\/training-der-bambinis-in-den-sommerferien\/\">Training der Bambinis in den Sommerferien<\/a><div class=\"wp-block-latest-posts__post-excerpt\">W\u00e4hrend den Sommerferien haben viele Kinder das Bambini-Fu\u00dfball auf dem Zeuterner Sportplatz ausprobiert. Im Moment haben etwa 12 Kinder im Alter von 4 bis 6 Jahren w\u00f6chentlich Spa\u00df beim Sport und Spiel. \u00dcber neuen Zuwachs freuen wir uns jederzeit. Trainiert wird am Freitagnachmittag von 17:00 bis 18:00 Uhr. Im Moment noch drau\u00dfen und sobald es &hellip; <\/div><\/li>\n<li><div class=\"wp-block-latest-posts__featured-image alignright\"><img loading=\"lazy\" decoding=\"async\" width=\"150\" height=\"150\" src=\"https:\/\/sv-zeutern.de\/wp-content\/uploads\/2023\/05\/meeting-594091_1280-150x150.jpg\" class=\"attachment-thumbnail size-thumbnail wp-post-image\" alt=\"\" style=\"max-width:113px;max-height:113px;\" \/><\/div><a class=\"wp-block-latest-posts__post-title\" href=\"https:\/\/sv-zeutern.de\/index.php\/2023\/05\/17\/bericht-der-jugendversammlung\/\">Bericht der Jugendversammlung<\/a><div class=\"wp-block-latest-posts__post-excerpt\">Der Versammlungsleiter Ralf Schade stellte fest, dass die Einladung f\u00fcr die Jugendvollversammlung rechtzeitig ver\u00f6ffentlicht wurde und die Versammlung beschlussf\u00e4hig ist. Jugendbericht: In&nbsp; der Jugend sind 2020 insgesamt 105 Mitglieder, wobei die H\u00e4lfte davon in der SG Ubstadt-Weiher spielen, die meisten davon im B Jugend Jahrgang. Die Bambinis wurden letzte Runde von Quirin Schade und Paul &hellip; <\/div><\/li>\n<\/ul>\n\n\n<h2 class=\"wp-block-heading\">Neuigkeiten aus dem Verein<\/h2>\n\n\n<ul class=\"wp-block-latest-posts__list aligncenter wp-block-latest-posts\"><li><div class=\"wp-block-latest-posts__featured-image alignright\"><img loading=\"lazy\" decoding=\"async\" width=\"150\" height=\"150\" src=\"https:\/\/sv-zeutern.de\/wp-content\/uploads\/2025\/12\/Scharinger2-150x150.jpg\" class=\"attachment-thumbnail size-thumbnail wp-post-image\" alt=\"\" style=\"max-width:113px;max-height:113px;\" \/><\/div><a class=\"wp-block-latest-posts__post-title\" href=\"https:\/\/sv-zeutern.de\/index.php\/2025\/12\/10\/liebe-sv-freunde-gaeste-liebe-helferinnen-und-helfer-liebe-unterstuetzer\/\">Liebe SV-Freunde, G\u00e4ste, liebe Helferinnen und Helfer, liebe Unterst\u00fctzer,<\/a><div class=\"wp-block-latest-posts__post-excerpt\">das Z\u00e4hlen ist abgeschlossen und wir k\u00f6nnen stolz verk\u00fcnden: Wir haben die Marke von 40.000 Euro geknackt! Unser aufrichtiger Dank gilt: Unsere Mission Die 40.000 Euro gehen zu gleichen Teilen an: Gemeinsam Gro\u00dfes bewegt Ihr seid\/Sie sind alle Helden unserer Gesellschaft!&nbsp; Herzlichen Dank f\u00fcr dieses starke Zeichen des Zusammenhalts!<\/div><\/li>\n<li><div class=\"wp-block-latest-posts__featured-image alignright\"><img loading=\"lazy\" decoding=\"async\" width=\"150\" height=\"150\" src=\"https:\/\/sv-zeutern.de\/wp-content\/uploads\/2025\/12\/Helfer-150x150.jpg\" class=\"attachment-thumbnail size-thumbnail wp-post-image\" alt=\"\" style=\"max-width:113px;max-height:113px;\" \/><\/div><a class=\"wp-block-latest-posts__post-title\" href=\"https:\/\/sv-zeutern.de\/index.php\/2025\/12\/10\/kerwe\/\">Kerwe<\/a><div class=\"wp-block-latest-posts__post-excerpt\">Liebe Kerwebesucher, liebe Helferinnen und Helfer, der SV Zeutern m\u00f6chte sich ganz herzlich bei allen bedanken, die unsere Kerwe zu einem tollen Erlebnis gemacht haben! Ein besonderer Dank gilt unseren flei\u00dfigen Helferinnen und Helfern, die mit vollem Einsatz am Grill standen, Getr\u00e4nke ausgeschenkt und f\u00fcr das leibliche Wohl aller gesorgt haben. Ohne euch w\u00e4re diese &hellip; <\/div><\/li>\n<li><a class=\"wp-block-latest-posts__post-title\" href=\"https:\/\/sv-zeutern.de\/index.php\/2025\/12\/10\/der-sv-zeutern-sucht-kreative-koepfe-und-gestaltungstalente\/\">Der SV Zeutern sucht kreative K\u00f6pfe und Gestaltungstalente!<\/a><div class=\"wp-block-latest-posts__post-excerpt\">Unser Brunnenhaus hat so viel Potenzial \u2013 und wir m\u00f6chten es gemeinsam mit euch zu einem Ort machen, an dem wir uns alle richtig wohlf\u00fchlen. Ein Platz f\u00fcr Feiern und gem\u00fctliches Beisammensein, der nicht nur funktional ist, sondern auch Atmosph\u00e4re hat und zum Verweilen einl\u00e4dt. Was wir suchen: Menschen mit Ideen! Egal ob du ein &hellip; <\/div><\/li>\n<li><a class=\"wp-block-latest-posts__post-title\" href=\"https:\/\/sv-zeutern.de\/index.php\/2025\/08\/24\/ablauf-scharinger-friends-und-middleplatzkonzert-am-30-08\/\">Ablauf Scharinger &amp; Friends und Middleplatzkonzert am 30.08.<\/a><div class=\"wp-block-latest-posts__post-excerpt\">Spendenzweck: Hinterbliebenen des Strassbahnungl\u00fccks in Zeutern und der Sozialp\u00e4dagogischen Wohngemeinschaften in Bruchsal Moderation: &nbsp;&nbsp;&nbsp;&nbsp;&nbsp;&nbsp;&nbsp;&nbsp;&nbsp;&nbsp;&nbsp;&nbsp;&nbsp;&nbsp;&nbsp;&nbsp; Marco Schall; Tobias Ruppenthal&nbsp;&nbsp;&nbsp;&nbsp;&nbsp;&nbsp;&nbsp;&nbsp; 15.00 Uhr&nbsp;&nbsp;&nbsp;&nbsp;&nbsp;&nbsp;&nbsp;&nbsp;&nbsp;&nbsp;&nbsp;&nbsp;&nbsp;&nbsp;&nbsp;&nbsp;&nbsp;&nbsp;&nbsp;&nbsp;&nbsp;&nbsp;&nbsp; Bambini Turnier; Er\u00f6ffnung Kinderveranstaltung mit H\u00fcpfburg, Tombola etc. Ab 18:00 Uhr&nbsp;&nbsp;&nbsp;&nbsp;&nbsp;&nbsp;&nbsp;&nbsp;&nbsp;&nbsp;&nbsp;&nbsp;&nbsp;&nbsp;&nbsp;&nbsp;&nbsp; Sch\u00fctzenverein Zeutern mit B\u00f6llerschussen zur Er\u00f6ffnung des Benefizevents 18.10 Uhr&nbsp;&nbsp;&nbsp;&nbsp;&nbsp;&nbsp;&nbsp;&nbsp;&nbsp;&nbsp;&nbsp;&nbsp;&nbsp;&nbsp;&nbsp;&nbsp;&nbsp;&nbsp;&nbsp;&nbsp;&nbsp;&nbsp;&nbsp; Mannschaften laufen mit Bambini Kids ein und stellen sich auf &nbsp;&nbsp;&nbsp;&nbsp;&nbsp;&nbsp;&nbsp;&nbsp;&nbsp;&nbsp;&nbsp;&nbsp;&nbsp;&nbsp;&nbsp;&nbsp;&nbsp;&nbsp;&nbsp;&nbsp;&nbsp;&nbsp;&nbsp;&nbsp;&nbsp;&nbsp;&nbsp;&nbsp;&nbsp;&nbsp;&nbsp;&nbsp;&nbsp;&nbsp;&nbsp;&nbsp;&nbsp;&nbsp;&nbsp;&nbsp;&nbsp; Rede 1. Vorsitzender &hellip; <\/div><\/li>\n<li><a class=\"wp-block-latest-posts__post-title\" href=\"https:\/\/sv-zeutern.de\/index.php\/2025\/08\/24\/pressemitteilung\/\">PRESSEMITTEILUNG<\/a><div class=\"wp-block-latest-posts__post-excerpt\">SV Zeutern veranstaltet u.a. Benefiz-Tag f\u00fcr Zugungl\u00fcck-Opfer Benefizspiel mit Scharinger &amp; Friends am 30. August 2025 \u2013 Solidarit\u00e4t f\u00fcr zwei soziale Projekte Monate nach dem tragischen Zugungl\u00fcck vom 11. M\u00e4rz in Zeutern setzt der SV Zeutern ein starkes Zeichen der Solidarit\u00e4t. Gemeinsam mit Rainer Scharinger und seinem Team aus ehemaligen KSC- und Bundesligaprofis organisiert der &hellip; <\/div><\/li>\n<\/ul>","protected":false},"excerpt":{"rendered":"<p>Neuigkeiten aus der Jugendabteilung Neuigkeiten aus dem Verein<\/p>\n","protected":false},"author":1,"featured_media":0,"parent":0,"menu_order":0,"comment_status":"closed","ping_status":"closed","template":"","meta":{"footnotes":""},"class_list":["post-245","page","type-page","status-publish","hentry"],"_links":{"self":[{"href":"https:\/\/sv-zeutern.de\/index.php\/wp-json\/wp\/v2\/pages\/245"}],"collection":[{"href":"https:\/\/sv-zeutern.de\/index.php\/wp-json\/wp\/v2\/pages"}],"about":[{"href":"https:\/\/sv-zeutern.de\/index.php\/wp-json\/wp\/v2\/types\/page"}],"author":[{"embeddable":true,"href":"https:\/\/sv-zeutern.de\/index.php\/wp-json\/wp\/v2\/users\/1"}],"replies":[{"embeddable":true,"href":"https:\/\/sv-zeutern.de\/index.php\/wp-json\/wp\/v2\/comments?post=245"}],"version-history":[{"count":11,"href":"https:\/\/sv-zeutern.de\/index.php\/wp-json\/wp\/v2\/pages\/245\/revisions"}],"predecessor-version":[{"id":699,"href":"https:\/\/sv-zeutern.de\/index.php\/wp-json\/wp\/v2\/pages\/245\/revisions\/699"}],"wp:attachment":[{"href":"https:\/\/sv-zeutern.de\/index.php\/wp-json\/wp\/v2\/media?parent=245"}],"curies":[{"name":"wp","href":"https:\/\/api.w.org\/{rel}","templated":true}]}}