{"id":6,"date":"2023-05-16T19:45:22","date_gmt":"2023-05-16T19:45:22","guid":{"rendered":"https:\/\/sv-zeutern.dtspace.de\/wordpress\/?page_id=6"},"modified":"2023-11-07T16:46:45","modified_gmt":"2023-11-07T15:46:45","slug":"verein","status":"publish","type":"page","link":"https:\/\/sv-zeutern.de\/","title":{"rendered":"Verein"},"content":{"rendered":"\n<div class=\"wp-block-columns is-layout-flex wp-container-core-columns-is-layout-1 wp-block-columns-is-layout-flex\">\n<div class=\"wp-block-column is-layout-flow wp-block-column-is-layout-flow\" style=\"flex-basis:100%\">\n<hr class=\"wp-block-separator has-css-opacity is-style-default\"\/>\n\n\n<div class=\"wp-block-image is-style-rounded\">\n<figure class=\"aligncenter size-full\"><img loading=\"lazy\" decoding=\"async\" width=\"70\" height=\"70\" src=\"https:\/\/sv-zeutern.dtspace.de\/wordpress\/wp-content\/uploads\/2023\/05\/cropped-logo_klein-5.png\" alt=\"\" class=\"wp-image-253\" srcset=\"https:\/\/sv-zeutern.de\/wp-content\/uploads\/2023\/05\/cropped-logo_klein-5.png 70w, https:\/\/sv-zeutern.de\/wp-content\/uploads\/2023\/05\/cropped-logo_klein-5-60x60.png 60w\" sizes=\"(max-width: 70px) 100vw, 70px\" \/><\/figure><\/div>\n\n\n<blockquote class=\"wp-block-quote has-text-align-center is-style-large is-layout-flow wp-block-quote-is-layout-flow\">\n<p style=\"font-size:32px;font-style:italic;font-weight:100\"><br>&#8222;Wir begr\u00fc\u00dfen Sie recht herzlich beim SV Zeutern! Als gr\u00f6\u00dfter Verein in Zeutern verk\u00f6rpern wir sportliches und gesellschaftliches Miteinander und tragen damit positiv zum Ortsleben in Zeutern bei. Unsere Mitglieder und Freunde unterst\u00fctzen uns dabei intensiv und das macht uns so besonders.&#8220;<\/p>\n<cite>\u2014 Ralf Schade, <em>Vereinsvorstand<\/em> \u2014<\/cite><\/blockquote>\n\n\n\n<hr class=\"wp-block-separator has-css-opacity is-style-default\"\/>\n\n\n\n<div class=\"wp-block-query is-layout-flow wp-block-query-is-layout-flow\"><ul class=\"is-flex-container columns-3 wp-block-post-template is-layout-flow wp-block-post-template-is-layout-flow\"><li class=\"wp-block-post post-934 post type-post status-publish format-standard hentry category-uncategorized\">\n\n<div class=\"wp-block-group\" style=\"padding-top:30px;padding-right:30px;padding-bottom:30px;padding-left:30px\"><div class=\"wp-block-group__inner-container is-layout-flow wp-block-group-is-layout-flow\"><h2 class=\"wp-block-post-title\"><a href=\"https:\/\/sv-zeutern.de\/index.php\/2026\/04\/12\/sv-zeutern-ernennt-weitere-ehrenmitglieder\/\" target=\"_self\" >SV Zeutern ernennt weitere Ehrenmitglieder<\/a><\/h2>\n\n<div class=\"wp-block-post-excerpt\"><p class=\"wp-block-post-excerpt__excerpt\">Im Rahmen der diesj\u00e4hrigen Generalversammlung hat der SV Zeutern vier weitere verdiente Mitglieder zu Ehrenmitgliedern ernannt. Damit w\u00fcrdigte der Verein au\u00dfergew\u00f6hnliches und langj\u00e4hriges Engagement, das den SV Zeutern \u00fcber Jahrzehnte hinweg ma\u00dfgeblich gepr\u00e4gt hat. Helmut Leibold ist seit 1998 Mitglied des SV Zeutern. Er war viele Jahre als Jugendtrainer t\u00e4tig, engagierte sich von 2001 bis&hellip; <\/p><\/div>\n\n<div class=\"wp-block-post-date\"><time datetime=\"2026-04-12T15:08:15+01:00\">12. April 2026<\/time><\/div><\/div><\/div>\n\n<\/li><li class=\"wp-block-post post-932 post type-post status-publish format-standard hentry category-uncategorized\">\n\n<div class=\"wp-block-group\" style=\"padding-top:30px;padding-right:30px;padding-bottom:30px;padding-left:30px\"><div class=\"wp-block-group__inner-container is-layout-flow wp-block-group-is-layout-flow\"><h2 class=\"wp-block-post-title\"><a href=\"https:\/\/sv-zeutern.de\/index.php\/2026\/04\/12\/generalversammlung-des-sv-zeutern-2026-zusammenhalt-dank-und-klare-perspektiven\/\" target=\"_self\" >Generalversammlung des SV Zeutern 2026 \u2013 Zusammenhalt, Dank und klare Perspektiven<\/a><\/h2>\n\n<div class=\"wp-block-post-excerpt\"><p class=\"wp-block-post-excerpt__excerpt\">Am Donnerstag, den 2. April 2026, versammelten sich die Mitglieder des SV Zeutern im Clubhaus zur diesj\u00e4hrigen Generalversammlung. Der 1. Vorsitzende Ralf Schade er\u00f6ffnete den Abend mit der Begr\u00fc\u00dfung der Anwesenden und einer w\u00fcrdevollen Totenehrung. In den anschlie\u00dfenden Berichten der Abteilungen Aktivit\u00e4t, Wirtschaftsausschuss, Technik, AH, Jugend und Finanzen wurde eindrucksvoll deutlich, wie engagiert, vielf\u00e4ltig und&hellip; <\/p><\/div>\n\n<div class=\"wp-block-post-date\"><time datetime=\"2026-04-12T15:04:24+01:00\">12. April 2026<\/time><\/div><\/div><\/div>\n\n<\/li><li class=\"wp-block-post post-929 post type-post status-publish format-standard hentry category-uncategorized\">\n\n<div class=\"wp-block-group\" style=\"padding-top:30px;padding-right:30px;padding-bottom:30px;padding-left:30px\"><div class=\"wp-block-group__inner-container is-layout-flow wp-block-group-is-layout-flow\"><h2 class=\"wp-block-post-title\"><a href=\"https:\/\/sv-zeutern.de\/index.php\/2026\/02\/09\/mee-wie-schee-in-zeidan-daemmerungsumzug-verzaubert-die-gassen-sv-zeutern-begleitet-durch-den-abend\/\" target=\"_self\" >Mee wie schee in Zeidan \u2013 D\u00e4mmerungsumzug verzaubert die Gassen \u2013 SV Zeutern begleitet durch den abend<\/a><\/h2>\n\n<div class=\"wp-block-post-excerpt\"><p class=\"wp-block-post-excerpt__excerpt\">Am Faschingssonntag hei\u00dft es in Zeutern wieder: Mee wie schee in Zeidan! Die Vorfreude steigt, denn auch in diesem Jahr erwartet die Besucher ein ganz besonderes Spektakel, das Tradition, Licht und Lebensfreude miteinander verbindet. Schon am sp\u00e4ten Nachmittag f\u00fcllen sich die Stra\u00dfen mit gut gelaunten Narren, Familien und Faschingsfreunden. \u00dcberall duftet es nach herzhaften Leckereien&hellip; <\/p><\/div>\n\n<div class=\"wp-block-post-date\"><time datetime=\"2026-02-09T08:40:51+01:00\">9. Februar 2026<\/time><\/div><\/div><\/div>\n\n<\/li><li class=\"wp-block-post post-926 post type-post status-publish format-standard hentry category-uncategorized\">\n\n<div class=\"wp-block-group\" style=\"padding-top:30px;padding-right:30px;padding-bottom:30px;padding-left:30px\"><div class=\"wp-block-group__inner-container is-layout-flow wp-block-group-is-layout-flow\"><h2 class=\"wp-block-post-title\"><a href=\"https:\/\/sv-zeutern.de\/index.php\/2026\/01\/18\/generalversammlung-2026-einladung\/\" target=\"_self\" >Generalversammlung 2026 \u2013 Einladung<\/a><\/h2>\n\n<div class=\"wp-block-post-excerpt\"><p class=\"wp-block-post-excerpt__excerpt\">Am Donnerstag, 2. April 2026, findet ab 19.00 Uhr im Clubhaus die diesj\u00e4hrige Generalversammlung des SV Zeutern statt. Hierzu sind alle Mitglieder herzlich eingeladen. Vorl\u00e4ufige Tagesordnung Hinweis zu Antr\u00e4gen Weitere Antr\u00e4ge zur Mitgliederversammlung m\u00fcssen bis sp\u00e4testens 15. M\u00e4rz 2026 beim 1. Vorsitzenden Ralf Schade (ralfschade24@gmail.com) oder schriftlich im offiziellen Briefkasten des SV Zeutern eingegangen sein.&hellip; <\/p><\/div>\n\n<div class=\"wp-block-post-date\"><time datetime=\"2026-01-18T13:58:13+01:00\">18. Januar 2026<\/time><\/div><\/div><\/div>\n\n<\/li><li class=\"wp-block-post post-923 post type-post status-publish format-standard hentry category-uncategorized\">\n\n<div class=\"wp-block-group\" style=\"padding-top:30px;padding-right:30px;padding-bottom:30px;padding-left:30px\"><div class=\"wp-block-group__inner-container is-layout-flow wp-block-group-is-layout-flow\"><h2 class=\"wp-block-post-title\"><a href=\"https:\/\/sv-zeutern.de\/index.php\/2025\/12\/10\/weihnachtsgruss\/\" target=\"_self\" >Weihnachtsgruss<\/a><\/h2>\n\n<div class=\"wp-block-post-excerpt\"><p class=\"wp-block-post-excerpt__excerpt\">Liebe SV-Freunde, liebe Mitglieder, liebe Unterst\u00fctzer, das Jahr 2025 neigt sich dem Ende zu und ich m\u00f6chte die Gelegenheit nutzen, um auf ein au\u00dfergew\u00f6hnliches und bewegendes Jahr zur\u00fcckzublicken. Es war ein Jahr voller H\u00f6hen, Herausforderungen und unvergesslicher Momente \u2013 und vor allem ein Jahr, das gezeigt hat, was wir als SV-Familie gemeinsam erreichen k\u00f6nnen. Das&hellip; <\/p><\/div>\n\n<div class=\"wp-block-post-date\"><time datetime=\"2025-12-10T10:16:22+01:00\">10. Dezember 2025<\/time><\/div><\/div><\/div>\n\n<\/li><li class=\"wp-block-post post-921 post type-post status-publish format-standard hentry category-uncategorized\">\n\n<div class=\"wp-block-group\" style=\"padding-top:30px;padding-right:30px;padding-bottom:30px;padding-left:30px\"><div class=\"wp-block-group__inner-container is-layout-flow wp-block-group-is-layout-flow\"><h2 class=\"wp-block-post-title\"><a href=\"https:\/\/sv-zeutern.de\/index.php\/2025\/12\/10\/liebe-sv-freunde\/\" target=\"_self\" >Liebe SV-Freunde,<\/a><\/h2>\n\n<div class=\"wp-block-post-excerpt\"><p class=\"wp-block-post-excerpt__excerpt\">wir blicken wieder auf ein bewegtes Jahr zur\u00fcck. Es haben wieder viele Aktivit\u00e4ten stattgefunden. Letztes Jahr fand das beliebte Dart Turnier statt, das dieses Jahr aufgrund der Vielzahl der Aktivit\u00e4ten nicht mehr stattfinden konnte. Dann das Middleplatzkonzert mit tollem Flair sowie der D\u00e4mmerungsumzug, der bis \u00fcber Zeutern bekannt ist. Sportlich k\u00f6nnen wir letztes Jahr sowohl&hellip; <\/p><\/div>\n\n<div class=\"wp-block-post-date\"><time datetime=\"2025-12-10T07:40:10+01:00\">10. Dezember 2025<\/time><\/div><\/div><\/div>\n\n<\/li><\/ul><\/div>\n<\/div>\n<\/div>\n","protected":false},"excerpt":{"rendered":"<p>&#8222;Wir begr\u00fc\u00dfen Sie recht herzlich beim SV Zeutern! Als gr\u00f6\u00dfter Verein in Zeutern verk\u00f6rpern wir sportliches und gesellschaftliches Miteinander und tragen damit positiv zum Ortsleben in Zeutern bei. Unsere Mitglieder und Freunde unterst\u00fctzen uns dabei intensiv und das macht uns so besonders.&#8220;<\/p>\n","protected":false},"author":1,"featured_media":681,"parent":0,"menu_order":0,"comment_status":"closed","ping_status":"closed","template":"","meta":{"footnotes":""},"class_list":["post-6","page","type-page","status-publish","has-post-thumbnail","hentry"],"_links":{"self":[{"href":"https:\/\/sv-zeutern.de\/index.php\/wp-json\/wp\/v2\/pages\/6"}],"collection":[{"href":"https:\/\/sv-zeutern.de\/index.php\/wp-json\/wp\/v2\/pages"}],"about":[{"href":"https:\/\/sv-zeutern.de\/index.php\/wp-json\/wp\/v2\/types\/page"}],"author":[{"embeddable":true,"href":"https:\/\/sv-zeutern.de\/index.php\/wp-json\/wp\/v2\/users\/1"}],"replies":[{"embeddable":true,"href":"https:\/\/sv-zeutern.de\/index.php\/wp-json\/wp\/v2\/comments?post=6"}],"version-history":[{"count":18,"href":"https:\/\/sv-zeutern.de\/index.php\/wp-json\/wp\/v2\/pages\/6\/revisions"}],"predecessor-version":[{"id":669,"href":"https:\/\/sv-zeutern.de\/index.php\/wp-json\/wp\/v2\/pages\/6\/revisions\/669"}],"wp:featuredmedia":[{"embeddable":true,"href":"https:\/\/sv-zeutern.de\/index.php\/wp-json\/wp\/v2\/media\/681"}],"wp:attachment":[{"href":"https:\/\/sv-zeutern.de\/index.php\/wp-json\/wp\/v2\/media?parent=6"}],"curies":[{"name":"wp","href":"https:\/\/api.w.org\/{rel}","templated":true}]}}