{"id":7,"date":"2023-05-16T19:45:22","date_gmt":"2023-05-16T19:45:22","guid":{"rendered":"https:\/\/sv-zeutern.dtspace.de\/wordpress\/?page_id=7"},"modified":"2025-11-05T08:42:38","modified_gmt":"2025-11-05T07:42:38","slug":"herren","status":"publish","type":"page","link":"https:\/\/sv-zeutern.de\/index.php\/herren\/","title":{"rendered":"Herren"},"content":{"rendered":"\n<p><strong>von links nach rechts:<\/strong><\/p>\n\n\n\n<p>Obere Reihe: <br>Dominik Ibald, Kai Michenfelder, Timo Lanz, Bastian Stadter, Florian Reiser<br><br>Mittlere Reihe:<br>Nicolas Steimel, Paul Benz, Michael F\u00fcrba\u00df (Trainer), Ralf Schade (Vorstand), Roland Richter (Vorstand), Daniel H\u00e4ndel (Trainer), Marlon Moch, Noah Schroff (Kapit\u00e4n), Niklas F\u00fcrba\u00df<br><br>Untere Reihe:<br>Nils Nitzschke, Noah Bari\u00e9, Manaf Elewi Al Safan, Fabian Theilacker, Fabian Zimmerer, Darius Dance, Fabian Beigel<\/p>\n\n\n\n<p><strong>Es fehlen:<\/strong><\/p>\n\n\n\n<p>Lennart Prebel, Philipp Steimel, Denys Prykhodko, Okeksii Prykhodko, Mario H\u00f6pfinger, Marvin Holzer, Alexander Scheck, Ruven Dreher, Viktor Kudriavtsev, Robin Ledermann<\/p>\n\n\n\n<p><\/p>\n\n\n\n<h2 class=\"wp-block-heading\">Spielplan <\/h2>\n\n\n\n<p class=\"has-medium-font-size\">Weitere Informationen zum aktuellen Spielplan, Ergebnissen und Erfolgen findet ihr <a rel=\"noreferrer noopener\" href=\"https:\/\/www.fussball.de\/mannschaft\/sv-zeutern-sv-zeutern-baden\/-\/saison\/2324\/team-id\/011MICKGT4000000VTVG0001VTR8C1K7#!\/\" target=\"_blank\">hier<\/a>.<\/p>\n\n\n<ul class=\"wp-block-latest-posts__list wp-block-latest-posts\"><li><a class=\"wp-block-latest-posts__post-title\" href=\"https:\/\/sv-zeutern.de\/index.php\/2025\/12\/10\/am-samstag-war-es-wieder-so-weit-die-erste-mannschaft-des-sv-zeutern-machte-sich-auf-den-weg-um-zahlreichen-sv-freunden-persoenliche-weihnachtsgruesse-zu-ueberbringen-was-seit-vielen-jahren-zu-eine\/\">Am Samstag war es wieder so weit: Die erste Mannschaft des SV Zeutern machte sich auf den Weg, um zahlreichen SV-Freunden pers\u00f6nliche Weihnachtsgr\u00fc\u00dfe zu \u00fcberbringen. Was seit vielen Jahren zu einer liebgewonnenen Tradition geworden ist, sorgte auch dieses Mal wieder f\u00fcr strahlende Gesichter und herzliche Begegnungen.<\/a><div class=\"wp-block-latest-posts__post-excerpt\">Der Start der Tour erfolgte beim Vorstand Ralf Schade, wo bei gem\u00fctlicher Runde der Wegplan besprochen und die Gruppen eingeteilt wurden. Von dort aus ging es f\u00fcr unsere Mannschaft von Station zu Station \u2013 und bei vielen Besuchen wurde nat\u00fcrlich auch gerne eingekehrt. F\u00fcr die Spieler ist diese besondere Tour nicht nur eine Freude, sondern &hellip; <\/div><\/li>\n<li><a class=\"wp-block-latest-posts__post-title\" href=\"https:\/\/sv-zeutern.de\/index.php\/2023\/11\/13\/sv-zeutern-enttaeuscht-beim-vorletzten\/\">SV Zeutern entt\u00e4uscht beim Vorletzten<\/a><div class=\"wp-block-latest-posts__post-excerpt\">FSV B\u00fcchenau &#8211;&nbsp; SV Zeutern&nbsp;&nbsp;&nbsp;&nbsp;&nbsp;&nbsp;&nbsp;&nbsp;&nbsp;&nbsp;&nbsp;&nbsp;&nbsp;&nbsp;&nbsp;&nbsp; 3:0 (2:0) Aufstellung: Fabian Theilacker,&nbsp; Simon Kneller (83. Fabian Beigel), Robin Ledermann, Sami G\u2019Haribi (76. Viktor Kudriatsev), Lennart Prebel, Kai Michenfelder, Driton Uka, Daniel Fell (46. Mouhamed Tajouri), Darius Dance (70. Robin Haugk), Anif Madjedje (46. Jason G\u00f6bel), Timo Lanz. Nach einer sch\u00f6nen Serie von vier Spielen ohne Spielverlust war &hellip; <\/div><\/li>\n<\/ul>","protected":false},"excerpt":{"rendered":"<p>von links nach rechts: Obere Reihe: Dominik Ibald, Kai Michenfelder, Timo Lanz, Bastian Stadter, Florian Reiser Mittlere Reihe:Nicolas Steimel, Paul Benz, Michael F\u00fcrba\u00df (Trainer), Ralf Schade (Vorstand), Roland Richter (Vorstand), Daniel H\u00e4ndel (Trainer), Marlon Moch, Noah Schroff (Kapit\u00e4n), Niklas F\u00fcrba\u00df Untere Reihe:Nils Nitzschke, Noah Bari\u00e9, Manaf Elewi Al Safan, Fabian Theilacker, Fabian Zimmerer, Darius Dance, &hellip; <\/p>\n","protected":false},"author":1,"featured_media":898,"parent":0,"menu_order":0,"comment_status":"closed","ping_status":"closed","template":"","meta":{"footnotes":""},"class_list":["post-7","page","type-page","status-publish","has-post-thumbnail","hentry"],"_links":{"self":[{"href":"https:\/\/sv-zeutern.de\/index.php\/wp-json\/wp\/v2\/pages\/7"}],"collection":[{"href":"https:\/\/sv-zeutern.de\/index.php\/wp-json\/wp\/v2\/pages"}],"about":[{"href":"https:\/\/sv-zeutern.de\/index.php\/wp-json\/wp\/v2\/types\/page"}],"author":[{"embeddable":true,"href":"https:\/\/sv-zeutern.de\/index.php\/wp-json\/wp\/v2\/users\/1"}],"replies":[{"embeddable":true,"href":"https:\/\/sv-zeutern.de\/index.php\/wp-json\/wp\/v2\/comments?post=7"}],"version-history":[{"count":8,"href":"https:\/\/sv-zeutern.de\/index.php\/wp-json\/wp\/v2\/pages\/7\/revisions"}],"predecessor-version":[{"id":900,"href":"https:\/\/sv-zeutern.de\/index.php\/wp-json\/wp\/v2\/pages\/7\/revisions\/900"}],"wp:featuredmedia":[{"embeddable":true,"href":"https:\/\/sv-zeutern.de\/index.php\/wp-json\/wp\/v2\/media\/898"}],"wp:attachment":[{"href":"https:\/\/sv-zeutern.de\/index.php\/wp-json\/wp\/v2\/media?parent=7"}],"curies":[{"name":"wp","href":"https:\/\/api.w.org\/{rel}","templated":true}]}}