{"id":148,"date":"2023-05-17T09:09:51","date_gmt":"2023-05-17T09:09:51","guid":{"rendered":"https:\/\/sv-zeutern.dtspace.de\/wordpress\/?page_id=148"},"modified":"2024-10-01T10:13:32","modified_gmt":"2024-10-01T09:13:32","slug":"sponsoring","status":"publish","type":"page","link":"https:\/\/sv-zeutern.de\/wordpress\/index.php\/sponsoring\/","title":{"rendered":"Sponsoring"},"content":{"rendered":"\n<p>Ihre Spende f\u00fcr unseren Sportverein<\/p>\n\n\n\n<p>Der SV Zeutern f\u00f6rdert den Spa\u00df am Fu\u00dfball und an der Bewegung. Wir trainieren mehr als 100 Kinder und Jugendliche. Daf\u00fcr unterhalten wir zwei Sportpl\u00e4tze, einen verk\u00fcrzten Trainingsplatz, Dusch- und Umkleider\u00e4ume. Wir engagieren uns auch in der Arbeit mit Gefl\u00fcchteten und wurden 2017 von der Egidius-Braun-Stiftung ausgezeichnet.<\/p>\n\n\n\n<p><a href=\"https:\/\/sv-zeutern.de\/wordpress\/wp-content\/uploads\/2024\/10\/Praesentation-SV-Zeutern-Marketing.pdf\" data-type=\"attachment\" target=\"_blank\" rel=\"noreferrer noopener\">Pr\u00e4sentation SV-Zeutern<\/a><\/p>\n\n\n\n<p>Spendenkonto:<\/p>\n\n\n\n<p>Volksbank Bruhrain Kraich-Hardt e.G.<\/p>\n\n\n\n<p>IBAN: DE87 6639 1600 0004 0882 39<\/p>\n","protected":false},"excerpt":{"rendered":"<p>Ihre Spende f\u00fcr unseren Sportverein Der SV Zeutern f\u00f6rdert den Spa\u00df am Fu\u00dfball und an der Bewegung. Wir trainieren mehr als 100 Kinder und Jugendliche. Daf\u00fcr unterhalten wir zwei Sportpl\u00e4tze, einen verk\u00fcrzten Trainingsplatz, Dusch- und Umkleider\u00e4ume. Wir engagieren uns auch in der Arbeit mit Gefl\u00fcchteten und wurden 2017 von der Egidius-Braun-Stiftung ausgezeichnet. Pr\u00e4sentation SV-Zeutern Spendenkonto: &hellip; <\/p>\n","protected":false},"author":1,"featured_media":0,"parent":0,"menu_order":0,"comment_status":"closed","ping_status":"closed","template":"","meta":{"footnotes":""},"class_list":["post-148","page","type-page","status-publish","hentry"],"_links":{"self":[{"href":"https:\/\/sv-zeutern.de\/wordpress\/index.php\/wp-json\/wp\/v2\/pages\/148"}],"collection":[{"href":"https:\/\/sv-zeutern.de\/wordpress\/index.php\/wp-json\/wp\/v2\/pages"}],"about":[{"href":"https:\/\/sv-zeutern.de\/wordpress\/index.php\/wp-json\/wp\/v2\/types\/page"}],"author":[{"embeddable":true,"href":"https:\/\/sv-zeutern.de\/wordpress\/index.php\/wp-json\/wp\/v2\/users\/1"}],"replies":[{"embeddable":true,"href":"https:\/\/sv-zeutern.de\/wordpress\/index.php\/wp-json\/wp\/v2\/comments?post=148"}],"version-history":[{"count":4,"href":"https:\/\/sv-zeutern.de\/wordpress\/index.php\/wp-json\/wp\/v2\/pages\/148\/revisions"}],"predecessor-version":[{"id":812,"href":"https:\/\/sv-zeutern.de\/wordpress\/index.php\/wp-json\/wp\/v2\/pages\/148\/revisions\/812"}],"wp:attachment":[{"href":"https:\/\/sv-zeutern.de\/wordpress\/index.php\/wp-json\/wp\/v2\/media?parent=148"}],"curies":[{"name":"wp","href":"https:\/\/api.w.org\/{rel}","templated":true}]}}