{"id":16,"date":"2023-05-16T19:45:22","date_gmt":"2023-05-16T19:45:22","guid":{"rendered":"https:\/\/sv-zeutern.dtspace.de\/wordpress\/?page_id=16"},"modified":"2023-09-29T13:56:06","modified_gmt":"2023-09-29T13:56:06","slug":"foerderverein","status":"publish","type":"page","link":"https:\/\/sv-zeutern.de\/wordpress\/index.php\/foerderverein\/","title":{"rendered":"F\u00f6rderverein"},"content":{"rendered":"\n<h1 class=\"wp-block-heading\">Die Vorstandschaft des F\u00f6rdervereins<\/h1>\n\n\n\n<figure class=\"wp-block-table\"><table><tbody><tr><td>1. Vorstand:&nbsp;<\/td><td>folgt<\/td><\/tr><tr><td>2. Vorstand:<\/td><td>folgt<\/td><\/tr><tr><td>Kassier:<\/td><td>folgt<\/td><\/tr><tr><td>Schriftf\u00fchrer:<\/td><td>folgt<\/td><\/tr><tr><td>Kassenpr\u00fcfer:<\/td><td>folgt<\/td><\/tr><tr><td>Beisitzer:<\/td><td>folgt<\/td><\/tr><\/tbody><\/table><\/figure>\n\n\n\n<p><\/p>\n","protected":false},"excerpt":{"rendered":"<p>Die Vorstandschaft des F\u00f6rdervereins 1. Vorstand:&nbsp; folgt 2. Vorstand: folgt Kassier: folgt Schriftf\u00fchrer: folgt Kassenpr\u00fcfer: folgt Beisitzer: folgt<\/p>\n","protected":false},"author":1,"featured_media":0,"parent":0,"menu_order":0,"comment_status":"closed","ping_status":"closed","template":"","meta":{"footnotes":""},"class_list":["post-16","page","type-page","status-publish","hentry"],"_links":{"self":[{"href":"https:\/\/sv-zeutern.de\/wordpress\/index.php\/wp-json\/wp\/v2\/pages\/16"}],"collection":[{"href":"https:\/\/sv-zeutern.de\/wordpress\/index.php\/wp-json\/wp\/v2\/pages"}],"about":[{"href":"https:\/\/sv-zeutern.de\/wordpress\/index.php\/wp-json\/wp\/v2\/types\/page"}],"author":[{"embeddable":true,"href":"https:\/\/sv-zeutern.de\/wordpress\/index.php\/wp-json\/wp\/v2\/users\/1"}],"replies":[{"embeddable":true,"href":"https:\/\/sv-zeutern.de\/wordpress\/index.php\/wp-json\/wp\/v2\/comments?post=16"}],"version-history":[{"count":3,"href":"https:\/\/sv-zeutern.de\/wordpress\/index.php\/wp-json\/wp\/v2\/pages\/16\/revisions"}],"predecessor-version":[{"id":390,"href":"https:\/\/sv-zeutern.de\/wordpress\/index.php\/wp-json\/wp\/v2\/pages\/16\/revisions\/390"}],"wp:attachment":[{"href":"https:\/\/sv-zeutern.de\/wordpress\/index.php\/wp-json\/wp\/v2\/media?parent=16"}],"curies":[{"name":"wp","href":"https:\/\/api.w.org\/{rel}","templated":true}]}}