{"id":21,"date":"2023-05-16T19:45:22","date_gmt":"2023-05-16T19:45:22","guid":{"rendered":"https:\/\/sv-zeutern.dtspace.de\/wordpress\/?page_id=21"},"modified":"2023-11-06T16:14:03","modified_gmt":"2023-11-06T15:14:03","slug":"e-jugend","status":"publish","type":"page","link":"https:\/\/sv-zeutern.de\/wordpress\/index.php\/e-jugend\/","title":{"rendered":"E-Jugend"},"content":{"rendered":"\n<p>Hinten v. links nach rechts: Ralf Schade, Frank T\u00e4ubel<br>Mitte v.l.n.r.: Isabel T\u00e4ubel, Tobias L\u00f6ffler, Jan Kalo, Raffael Lerch, Timo Riumin<br>Vorne v.l.n.r: Linus Wenzel, Moritz Bohm\u00fcller, Felix Kortz, Matheo Lanz, Levin Siegler<br>Nicht auf Bild: Philip Steimel<\/p>\n\n\n<ul class=\"wp-block-latest-posts__list wp-block-latest-posts\"><\/ul>","protected":false},"excerpt":{"rendered":"<p>Hinten v. links nach rechts: Ralf Schade, Frank T\u00e4ubelMitte v.l.n.r.: Isabel T\u00e4ubel, Tobias L\u00f6ffler, Jan Kalo, Raffael Lerch, Timo RiuminVorne v.l.n.r: Linus Wenzel, Moritz Bohm\u00fcller, Felix Kortz, Matheo Lanz, Levin SieglerNicht auf Bild: Philip Steimel<\/p>\n","protected":false},"author":1,"featured_media":563,"parent":0,"menu_order":0,"comment_status":"closed","ping_status":"closed","template":"","meta":{"footnotes":""},"class_list":["post-21","page","type-page","status-publish","has-post-thumbnail","hentry"],"_links":{"self":[{"href":"https:\/\/sv-zeutern.de\/wordpress\/index.php\/wp-json\/wp\/v2\/pages\/21"}],"collection":[{"href":"https:\/\/sv-zeutern.de\/wordpress\/index.php\/wp-json\/wp\/v2\/pages"}],"about":[{"href":"https:\/\/sv-zeutern.de\/wordpress\/index.php\/wp-json\/wp\/v2\/types\/page"}],"author":[{"embeddable":true,"href":"https:\/\/sv-zeutern.de\/wordpress\/index.php\/wp-json\/wp\/v2\/users\/1"}],"replies":[{"embeddable":true,"href":"https:\/\/sv-zeutern.de\/wordpress\/index.php\/wp-json\/wp\/v2\/comments?post=21"}],"version-history":[{"count":8,"href":"https:\/\/sv-zeutern.de\/wordpress\/index.php\/wp-json\/wp\/v2\/pages\/21\/revisions"}],"predecessor-version":[{"id":659,"href":"https:\/\/sv-zeutern.de\/wordpress\/index.php\/wp-json\/wp\/v2\/pages\/21\/revisions\/659"}],"wp:featuredmedia":[{"embeddable":true,"href":"https:\/\/sv-zeutern.de\/wordpress\/index.php\/wp-json\/wp\/v2\/media\/563"}],"wp:attachment":[{"href":"https:\/\/sv-zeutern.de\/wordpress\/index.php\/wp-json\/wp\/v2\/media?parent=21"}],"curies":[{"name":"wp","href":"https:\/\/api.w.org\/{rel}","templated":true}]}}