{"id":305,"date":"2023-09-22T12:14:12","date_gmt":"2023-09-22T12:14:12","guid":{"rendered":"https:\/\/sv-zeutern.dtspace.de\/wordpress\/?page_id=305"},"modified":"2023-11-06T16:17:55","modified_gmt":"2023-11-06T15:17:55","slug":"mannschaften","status":"publish","type":"page","link":"https:\/\/sv-zeutern.de\/wordpress\/index.php\/mannschaften\/","title":{"rendered":"Mannschaften"},"content":{"rendered":"\n<figure class=\"wp-block-table\"><table><tbody><tr><td><strong>Mannschaft<\/strong><\/td><td><strong>Trainingszeit<\/strong><\/td><td><strong>Trainingsort<\/strong><\/td><\/tr><tr><td>Herren<\/td><td>Dienstag, ab 19:00 Uhr<br>Donnerstag, ab 19:00 Uhr<\/td><td>Sportplatz SV Zeutern<\/td><\/tr><tr><td>AH<\/td><td>Mittwoch, ab 19:30 Uhr<\/td><td>Sportplatz SV Zeutern<\/td><\/tr><\/tbody><\/table><\/figure>\n\n\n<ul class=\"wp-block-latest-posts__list wp-block-latest-posts\"><li><a class=\"wp-block-latest-posts__post-title\" href=\"https:\/\/sv-zeutern.de\/wordpress\/index.php\/2025\/12\/10\/am-samstag-war-es-wieder-so-weit-die-erste-mannschaft-des-sv-zeutern-machte-sich-auf-den-weg-um-zahlreichen-sv-freunden-persoenliche-weihnachtsgruesse-zu-ueberbringen-was-seit-vielen-jahren-zu-eine\/\">Am Samstag war es wieder so weit: Die erste Mannschaft des SV Zeutern machte sich auf den Weg, um zahlreichen SV-Freunden pers\u00f6nliche Weihnachtsgr\u00fc\u00dfe zu \u00fcberbringen. Was seit vielen Jahren zu einer liebgewonnenen Tradition geworden ist, sorgte auch dieses Mal wieder f\u00fcr strahlende Gesichter und herzliche Begegnungen.<\/a><div class=\"wp-block-latest-posts__post-excerpt\">Der Start der Tour erfolgte beim Vorstand Ralf Schade, wo bei gem\u00fctlicher Runde der Wegplan besprochen und die Gruppen eingeteilt wurden. Von dort aus ging es f\u00fcr unsere Mannschaft von Station zu Station \u2013 und bei vielen Besuchen wurde nat\u00fcrlich auch gerne eingekehrt. F\u00fcr die Spieler ist diese besondere Tour nicht nur eine Freude, sondern &hellip; <\/div><\/li>\n<li><a class=\"wp-block-latest-posts__post-title\" href=\"https:\/\/sv-zeutern.de\/wordpress\/index.php\/2023\/11\/13\/sv-zeutern-enttaeuscht-beim-vorletzten\/\">SV Zeutern entt\u00e4uscht beim Vorletzten<\/a><div class=\"wp-block-latest-posts__post-excerpt\">FSV B\u00fcchenau &#8211;&nbsp; SV Zeutern&nbsp;&nbsp;&nbsp;&nbsp;&nbsp;&nbsp;&nbsp;&nbsp;&nbsp;&nbsp;&nbsp;&nbsp;&nbsp;&nbsp;&nbsp;&nbsp; 3:0 (2:0) Aufstellung: Fabian Theilacker,&nbsp; Simon Kneller (83. Fabian Beigel), Robin Ledermann, Sami G\u2019Haribi (76. Viktor Kudriatsev), Lennart Prebel, Kai Michenfelder, Driton Uka, Daniel Fell (46. Mouhamed Tajouri), Darius Dance (70. Robin Haugk), Anif Madjedje (46. Jason G\u00f6bel), Timo Lanz. Nach einer sch\u00f6nen Serie von vier Spielen ohne Spielverlust war &hellip; <\/div><\/li>\n<\/ul>","protected":false},"excerpt":{"rendered":"<p>Mannschaft Trainingszeit Trainingsort Herren Dienstag, ab 19:00 UhrDonnerstag, ab 19:00 Uhr Sportplatz SV Zeutern AH Mittwoch, ab 19:30 Uhr Sportplatz SV Zeutern<\/p>\n","protected":false},"author":1,"featured_media":0,"parent":0,"menu_order":0,"comment_status":"closed","ping_status":"closed","template":"","meta":{"footnotes":""},"class_list":["post-305","page","type-page","status-publish","hentry"],"_links":{"self":[{"href":"https:\/\/sv-zeutern.de\/wordpress\/index.php\/wp-json\/wp\/v2\/pages\/305"}],"collection":[{"href":"https:\/\/sv-zeutern.de\/wordpress\/index.php\/wp-json\/wp\/v2\/pages"}],"about":[{"href":"https:\/\/sv-zeutern.de\/wordpress\/index.php\/wp-json\/wp\/v2\/types\/page"}],"author":[{"embeddable":true,"href":"https:\/\/sv-zeutern.de\/wordpress\/index.php\/wp-json\/wp\/v2\/users\/1"}],"replies":[{"embeddable":true,"href":"https:\/\/sv-zeutern.de\/wordpress\/index.php\/wp-json\/wp\/v2\/comments?post=305"}],"version-history":[{"count":6,"href":"https:\/\/sv-zeutern.de\/wordpress\/index.php\/wp-json\/wp\/v2\/pages\/305\/revisions"}],"predecessor-version":[{"id":662,"href":"https:\/\/sv-zeutern.de\/wordpress\/index.php\/wp-json\/wp\/v2\/pages\/305\/revisions\/662"}],"wp:attachment":[{"href":"https:\/\/sv-zeutern.de\/wordpress\/index.php\/wp-json\/wp\/v2\/media?parent=305"}],"curies":[{"name":"wp","href":"https:\/\/api.w.org\/{rel}","templated":true}]}}